{"id":1942,"date":"2019-10-21T08:23:43","date_gmt":"2019-10-21T08:23:43","guid":{"rendered":"http:\/\/projects.indiead.ee\/raudviu\/teenused\/"},"modified":"2020-01-28T08:01:00","modified_gmt":"2020-01-28T08:01:00","slug":"teenused","status":"publish","type":"page","link":"https:\/\/raudviu.ee\/fi\/teenused\/","title":{"rendered":"Palvelut"},"content":{"rendered":"<div class=\"wpb-content-wrapper\"><p>[vc_row][vc_column][vc_column_text]<\/p>\n<h2><strong>Voit tilata meilt\u00e4 laitteiden ja rakennusten suunnittelun, valmistuksen, kuljetuksen ja asennuksen.<br \/>\n<\/strong><\/h2>\n<p>Tiimimme koostuu kokeneista ammattilaisista, jotka ovat ty\u00f6skennelleet erilaisissa projekteissa sek\u00e4 Virossa ett\u00e4 muualla Euroopassa. K\u00e4yt\u00e4mme tarvittaessa lis\u00e4ty\u00f6voimaa pitk\u00e4aikaisilta yhteisty\u00f6kumppaneiltamme varmistaaksemme, ett\u00e4 my\u00f6s suuret projektit valmistuvat nopeasti ja onnistuneesti.<\/p>\n<p><span style=\"color: #333333;\"><strong>P\u00e4\u00e4toimialamme:<\/strong><\/span><\/p>\n<ul>\n<li>teollisten laitteiden ja koneiden valmistaminen, kokoaminen ja purkaminen\n<ul>\n<li>ketju- ja hihnakuljettimet<\/li>\n<li>kiertokuljettimet ja sy\u00f6tt\u00f6laitteet<\/li>\n<li>sulatuskuljettimet<\/li>\n<li>tukin kuorintalinjat<\/li>\n<li>hihna- ja ketjusy\u00f6ttimet<\/li>\n<li>siilot ja s\u00e4ili\u00f6t<\/li>\n<li>huoltotasot<\/li>\n<li>biopolttoaineen k\u00e4sittelylaitteet<\/li>\n<li>muut ter\u00e4srakenteet<\/li>\n<\/ul>\n<\/li>\n<li>muiden kuin asuinrakennusten suunnittelu, valmistus ja pystytys<\/li>\n<li>teollisuuslaitteiden huolto ja korjaus<\/li>\n<\/ul>\n<p>[\/vc_column_text][\/vc_column][\/vc_row]<\/p>\n<\/div>","protected":false},"excerpt":{"rendered":"<p>[vc_row][vc_column][vc_column_text] Voit tilata meilt\u00e4 laitteiden ja rakennusten suunnittelun, valmistuksen, kuljetuksen ja asennuksen. Tiimimme koostuu kokeneista ammattilaisista, jotka ovat ty\u00f6skennelleet erilaisissa projekteissa sek\u00e4 Virossa ett\u00e4 muualla Euroopassa. K\u00e4yt\u00e4mme tarvittaessa lis\u00e4ty\u00f6voimaa pitk\u00e4aikaisilta yhteisty\u00f6kumppaneiltamme varmistaaksemme, ett\u00e4 my\u00f6s suuret projektit valmistuvat nopeasti ja onnistuneesti. P\u00e4\u00e4toimialamme: teollisten laitteiden ja koneiden valmistaminen, kokoaminen ja purkaminen ketju- ja hihnakuljettimet kiertokuljettimet ja sy\u00f6tt\u00f6laitteet<a href=\"https:\/\/raudviu.ee\/fi\/teenused\/\" class=\"more-link\">Read More<\/a><\/p>\n","protected":false},"author":3,"featured_media":0,"parent":0,"menu_order":0,"comment_status":"closed","ping_status":"closed","template":"","meta":{"footnotes":""},"class_list":["post-1942","page","type-page","status-publish","hentry"],"yoast_head":"<!-- This site is optimized with the Yoast SEO plugin v26.5 - https:\/\/yoast.com\/wordpress\/plugins\/seo\/ -->\n<title>Palvelut - Raudviu<\/title>\n<meta name=\"description\" content=\"Meie tegevusalad on t\u00f6\u00f6stuslike seadmete tootmine ja paigaldamine ning mitteeluhoonete projekteerimine, valmistamine ja p\u00fcstitamine\" \/>\n<meta name=\"robots\" content=\"index, follow, max-snippet:-1, max-image-preview:large, max-video-preview:-1\" \/>\n<link rel=\"canonical\" href=\"https:\/\/raudviu.ee\/fi\/teenused\/\" \/>\n<meta property=\"og:locale\" content=\"fi_FI\" \/>\n<meta property=\"og:type\" content=\"article\" \/>\n<meta property=\"og:title\" content=\"Palvelut - Raudviu\" \/>\n<meta property=\"og:description\" content=\"Meie tegevusalad on t\u00f6\u00f6stuslike seadmete tootmine ja paigaldamine ning mitteeluhoonete projekteerimine, valmistamine ja p\u00fcstitamine\" \/>\n<meta property=\"og:url\" content=\"https:\/\/raudviu.ee\/fi\/teenused\/\" \/>\n<meta property=\"og:site_name\" content=\"Raudviu\" \/>\n<meta property=\"article:modified_time\" content=\"2020-01-28T08:01:00+00:00\" \/>\n<meta name=\"twitter:card\" content=\"summary_large_image\" \/>\n<meta name=\"twitter:label1\" content=\"Arvioitu lukuaika\" \/>\n\t<meta name=\"twitter:data1\" content=\"1 minuutti\" \/>\n<script type=\"application\/ld+json\" class=\"yoast-schema-graph\">{\"@context\":\"https:\/\/schema.org\",\"@graph\":[{\"@type\":\"WebPage\",\"@id\":\"https:\/\/raudviu.ee\/fi\/teenused\/\",\"url\":\"https:\/\/raudviu.ee\/fi\/teenused\/\",\"name\":\"Palvelut - Raudviu\",\"isPartOf\":{\"@id\":\"https:\/\/raudviu.ee\/#website\"},\"datePublished\":\"2019-10-21T08:23:43+00:00\",\"dateModified\":\"2020-01-28T08:01:00+00:00\",\"description\":\"Meie tegevusalad on t\u00f6\u00f6stuslike seadmete tootmine ja paigaldamine ning mitteeluhoonete projekteerimine, valmistamine ja p\u00fcstitamine\",\"breadcrumb\":{\"@id\":\"https:\/\/raudviu.ee\/fi\/teenused\/#breadcrumb\"},\"inLanguage\":\"fi\",\"potentialAction\":[{\"@type\":\"ReadAction\",\"target\":[\"https:\/\/raudviu.ee\/fi\/teenused\/\"]}]},{\"@type\":\"BreadcrumbList\",\"@id\":\"https:\/\/raudviu.ee\/fi\/teenused\/#breadcrumb\",\"itemListElement\":[{\"@type\":\"ListItem\",\"position\":1,\"name\":\"Home\",\"item\":\"https:\/\/raudviu.ee\/fi\/\"},{\"@type\":\"ListItem\",\"position\":2,\"name\":\"Palvelut\"}]},{\"@type\":\"WebSite\",\"@id\":\"https:\/\/raudviu.ee\/#website\",\"url\":\"https:\/\/raudviu.ee\/\",\"name\":\"Raudviu\",\"description\":\"\",\"publisher\":{\"@id\":\"https:\/\/raudviu.ee\/#organization\"},\"potentialAction\":[{\"@type\":\"SearchAction\",\"target\":{\"@type\":\"EntryPoint\",\"urlTemplate\":\"https:\/\/raudviu.ee\/?s={search_term_string}\"},\"query-input\":{\"@type\":\"PropertyValueSpecification\",\"valueRequired\":true,\"valueName\":\"search_term_string\"}}],\"inLanguage\":\"fi\"},{\"@type\":\"Organization\",\"@id\":\"https:\/\/raudviu.ee\/#organization\",\"name\":\"Raudviu\",\"url\":\"https:\/\/raudviu.ee\/\",\"logo\":{\"@type\":\"ImageObject\",\"inLanguage\":\"fi\",\"@id\":\"https:\/\/raudviu.ee\/#\/schema\/logo\/image\/\",\"url\":\"https:\/\/raudviu.ee\/wp-content\/uploads\/2019\/12\/apple-icon-144x144-1.png\",\"contentUrl\":\"https:\/\/raudviu.ee\/wp-content\/uploads\/2019\/12\/apple-icon-144x144-1.png\",\"width\":144,\"height\":144,\"caption\":\"Raudviu\"},\"image\":{\"@id\":\"https:\/\/raudviu.ee\/#\/schema\/logo\/image\/\"}}]}<\/script>\n<!-- \/ Yoast SEO plugin. -->","yoast_head_json":{"title":"Palvelut - Raudviu","description":"Meie tegevusalad on t\u00f6\u00f6stuslike seadmete tootmine ja paigaldamine ning mitteeluhoonete projekteerimine, valmistamine ja p\u00fcstitamine","robots":{"index":"index","follow":"follow","max-snippet":"max-snippet:-1","max-image-preview":"max-image-preview:large","max-video-preview":"max-video-preview:-1"},"canonical":"https:\/\/raudviu.ee\/fi\/teenused\/","og_locale":"fi_FI","og_type":"article","og_title":"Palvelut - Raudviu","og_description":"Meie tegevusalad on t\u00f6\u00f6stuslike seadmete tootmine ja paigaldamine ning mitteeluhoonete projekteerimine, valmistamine ja p\u00fcstitamine","og_url":"https:\/\/raudviu.ee\/fi\/teenused\/","og_site_name":"Raudviu","article_modified_time":"2020-01-28T08:01:00+00:00","twitter_card":"summary_large_image","twitter_misc":{"Arvioitu lukuaika":"1 minuutti"},"schema":{"@context":"https:\/\/schema.org","@graph":[{"@type":"WebPage","@id":"https:\/\/raudviu.ee\/fi\/teenused\/","url":"https:\/\/raudviu.ee\/fi\/teenused\/","name":"Palvelut - Raudviu","isPartOf":{"@id":"https:\/\/raudviu.ee\/#website"},"datePublished":"2019-10-21T08:23:43+00:00","dateModified":"2020-01-28T08:01:00+00:00","description":"Meie tegevusalad on t\u00f6\u00f6stuslike seadmete tootmine ja paigaldamine ning mitteeluhoonete projekteerimine, valmistamine ja p\u00fcstitamine","breadcrumb":{"@id":"https:\/\/raudviu.ee\/fi\/teenused\/#breadcrumb"},"inLanguage":"fi","potentialAction":[{"@type":"ReadAction","target":["https:\/\/raudviu.ee\/fi\/teenused\/"]}]},{"@type":"BreadcrumbList","@id":"https:\/\/raudviu.ee\/fi\/teenused\/#breadcrumb","itemListElement":[{"@type":"ListItem","position":1,"name":"Home","item":"https:\/\/raudviu.ee\/fi\/"},{"@type":"ListItem","position":2,"name":"Palvelut"}]},{"@type":"WebSite","@id":"https:\/\/raudviu.ee\/#website","url":"https:\/\/raudviu.ee\/","name":"Raudviu","description":"","publisher":{"@id":"https:\/\/raudviu.ee\/#organization"},"potentialAction":[{"@type":"SearchAction","target":{"@type":"EntryPoint","urlTemplate":"https:\/\/raudviu.ee\/?s={search_term_string}"},"query-input":{"@type":"PropertyValueSpecification","valueRequired":true,"valueName":"search_term_string"}}],"inLanguage":"fi"},{"@type":"Organization","@id":"https:\/\/raudviu.ee\/#organization","name":"Raudviu","url":"https:\/\/raudviu.ee\/","logo":{"@type":"ImageObject","inLanguage":"fi","@id":"https:\/\/raudviu.ee\/#\/schema\/logo\/image\/","url":"https:\/\/raudviu.ee\/wp-content\/uploads\/2019\/12\/apple-icon-144x144-1.png","contentUrl":"https:\/\/raudviu.ee\/wp-content\/uploads\/2019\/12\/apple-icon-144x144-1.png","width":144,"height":144,"caption":"Raudviu"},"image":{"@id":"https:\/\/raudviu.ee\/#\/schema\/logo\/image\/"}}]}},"_links":{"self":[{"href":"https:\/\/raudviu.ee\/fi\/wp-json\/wp\/v2\/pages\/1942","targetHints":{"allow":["GET"]}}],"collection":[{"href":"https:\/\/raudviu.ee\/fi\/wp-json\/wp\/v2\/pages"}],"about":[{"href":"https:\/\/raudviu.ee\/fi\/wp-json\/wp\/v2\/types\/page"}],"author":[{"embeddable":true,"href":"https:\/\/raudviu.ee\/fi\/wp-json\/wp\/v2\/users\/3"}],"replies":[{"embeddable":true,"href":"https:\/\/raudviu.ee\/fi\/wp-json\/wp\/v2\/comments?post=1942"}],"version-history":[{"count":2,"href":"https:\/\/raudviu.ee\/fi\/wp-json\/wp\/v2\/pages\/1942\/revisions"}],"predecessor-version":[{"id":2137,"href":"https:\/\/raudviu.ee\/fi\/wp-json\/wp\/v2\/pages\/1942\/revisions\/2137"}],"wp:attachment":[{"href":"https:\/\/raudviu.ee\/fi\/wp-json\/wp\/v2\/media?parent=1942"}],"curies":[{"name":"wp","href":"https:\/\/api.w.org\/{rel}","templated":true}]}}