{"id":1943,"date":"2020-01-03T13:19:12","date_gmt":"2020-01-03T13:19:12","guid":{"rendered":"http:\/\/projects.indiead.ee\/raudviu\/nostotyot\/"},"modified":"2020-01-13T08:57:35","modified_gmt":"2020-01-13T08:57:35","slug":"nostotyot","status":"publish","type":"page","link":"https:\/\/raudviu.ee\/fi\/nostotyot\/","title":{"rendered":"Nostoty\u00f6t"},"content":{"rendered":"<div class=\"wpb-content-wrapper\"><p>[vc_row][vc_column][vc_column_text][\/vc_column_text][\/vc_column][\/vc_row][vc_row equal_height=&#8221;yes&#8221; parallax_content=&#8221;parallax_content_value&#8221;][vc_column width=&#8221;1\/3&#8243;][vc_images_carousel images=&#8221;968,965,962&#8243; img_size=&#8221;medium&#8221; speed=&#8221;4200&#8243; autoplay=&#8221;yes&#8221; hide_pagination_control=&#8221;yes&#8221; hide_prev_next_buttons=&#8221;yes&#8221; wrap=&#8221;yes&#8221; css_animation=&#8221;none&#8221; el_class=&#8221;caroucent&#8221;][\/vc_column][vc_column width=&#8221;2\/3&#8243;][vc_column_text]<\/p>\n<h2><strong>Raskaat nostot ovat p\u00e4ivitt\u00e4ist\u00e4 ty\u00f6t\u00e4mme<\/strong><\/h2>\n<p>Suunnittelemme kaikki suuret nostot etuk\u00e4teen minimoimalla riskit tarkalla arvioinnilla. Laadimme nostosuunnitelmat CAD- ja erikoisohjelmistojen avulla. Nostot hallitseva tiimi koostuu koulutetuista nostonjohtajista ja p\u00e4tevist\u00e4 ketjunostinten k\u00e4ytt\u00e4jist\u00e4. Nostov\u00e4lineemme ja tekniikkamme on tarkastettu dokumentoidusti.&#8221;[\/vc_column_text][\/vc_column][\/vc_row][vc_row][vc_column][vc_empty_space height=&#8221;100px&#8221;][\/vc_column][\/vc_row][vc_row equal_height=&#8221;yes&#8221; parallax_content=&#8221;parallax_content_value&#8221;][vc_column width=&#8221;1\/3&#8243;][vc_images_carousel images=&#8221;982,988,985&#8243; img_size=&#8221;medium&#8221; speed=&#8221;4500&#8243; autoplay=&#8221;yes&#8221; hide_pagination_control=&#8221;yes&#8221; hide_prev_next_buttons=&#8221;yes&#8221; wrap=&#8221;yes&#8221; css_animation=&#8221;none&#8221; el_class=&#8221;caroucent&#8221;][\/vc_column][vc_column width=&#8221;2\/3&#8243;][vc_column_text]<\/p>\n<h2>Varusteisiimme on kuulunut vuodesta 2018 hydraulisella nosturilla varustettu kuorma-auto PM65SP<\/h2>\n<p>jolla suoritamme suurimman osan kokoonpanosta, ja jolla my\u00f6s kuljetamme tiimimme varusteita. Nosturina k\u00e4ytt\u00e4misen lis\u00e4ksi puomiin voi kiinnitt\u00e4\u00e4 my\u00f6s 3 ihmisen nostokorin muuttamalla nosturin korinosturiksi, jonka ty\u00f6korkeus on 30 metri\u00e4.[\/vc_column_text][\/vc_column][\/vc_row][vc_row][vc_column][vc_empty_space height=&#8221;100px&#8221;][\/vc_column][\/vc_row]<\/p>\n<\/div>","protected":false},"excerpt":{"rendered":"<p>[vc_row][vc_column][vc_column_text][\/vc_column_text][\/vc_column][\/vc_row][vc_row equal_height=&#8221;yes&#8221; parallax_content=&#8221;parallax_content_value&#8221;][vc_column width=&#8221;1\/3&#8243;][vc_images_carousel images=&#8221;968,965,962&#8243; img_size=&#8221;medium&#8221; speed=&#8221;4200&#8243; autoplay=&#8221;yes&#8221; hide_pagination_control=&#8221;yes&#8221; hide_prev_next_buttons=&#8221;yes&#8221; wrap=&#8221;yes&#8221; css_animation=&#8221;none&#8221; el_class=&#8221;caroucent&#8221;][\/vc_column][vc_column width=&#8221;2\/3&#8243;][vc_column_text] Raskaat nostot ovat p\u00e4ivitt\u00e4ist\u00e4 ty\u00f6t\u00e4mme Suunnittelemme kaikki suuret nostot etuk\u00e4teen minimoimalla riskit tarkalla arvioinnilla. Laadimme nostosuunnitelmat CAD- ja erikoisohjelmistojen avulla. Nostot hallitseva tiimi koostuu koulutetuista nostonjohtajista ja p\u00e4tevist\u00e4 ketjunostinten k\u00e4ytt\u00e4jist\u00e4. Nostov\u00e4lineemme ja tekniikkamme on tarkastettu dokumentoidusti.&#8221;[\/vc_column_text][\/vc_column][\/vc_row][vc_row][vc_column][vc_empty_space height=&#8221;100px&#8221;][\/vc_column][\/vc_row][vc_row equal_height=&#8221;yes&#8221; parallax_content=&#8221;parallax_content_value&#8221;][vc_column width=&#8221;1\/3&#8243;][vc_images_carousel images=&#8221;982,988,985&#8243;<a href=\"https:\/\/raudviu.ee\/fi\/nostotyot\/\" class=\"more-link\">Read More<\/a><\/p>\n","protected":false},"author":3,"featured_media":0,"parent":0,"menu_order":0,"comment_status":"closed","ping_status":"closed","template":"","meta":{"footnotes":""},"class_list":["post-1943","page","type-page","status-publish","hentry"],"yoast_head":"<!-- This site is optimized with the Yoast SEO plugin v26.5 - https:\/\/yoast.com\/wordpress\/plugins\/seo\/ -->\n<title>Nostoty\u00f6t - Raudviu<\/title>\n<meta name=\"description\" content=\"Meie tegevusalad on t\u00f6\u00f6stuslike seadmete tootmine ja paigaldamine ning mitteeluhoonete projekteerimine, valmistamine ja p\u00fcstitamine\" \/>\n<meta name=\"robots\" content=\"index, follow, max-snippet:-1, max-image-preview:large, max-video-preview:-1\" \/>\n<link rel=\"canonical\" href=\"https:\/\/raudviu.ee\/fi\/nostotyot\/\" \/>\n<meta property=\"og:locale\" content=\"fi_FI\" \/>\n<meta property=\"og:type\" content=\"article\" \/>\n<meta property=\"og:title\" content=\"Nostoty\u00f6t - Raudviu\" \/>\n<meta property=\"og:description\" content=\"Meie tegevusalad on t\u00f6\u00f6stuslike seadmete tootmine ja paigaldamine ning mitteeluhoonete projekteerimine, valmistamine ja p\u00fcstitamine\" \/>\n<meta property=\"og:url\" content=\"https:\/\/raudviu.ee\/fi\/nostotyot\/\" \/>\n<meta property=\"og:site_name\" content=\"Raudviu\" \/>\n<meta property=\"article:modified_time\" content=\"2020-01-13T08:57:35+00:00\" \/>\n<meta name=\"twitter:card\" content=\"summary_large_image\" \/>\n<meta name=\"twitter:label1\" content=\"Arvioitu lukuaika\" \/>\n\t<meta name=\"twitter:data1\" content=\"1 minuutti\" \/>\n<script type=\"application\/ld+json\" class=\"yoast-schema-graph\">{\"@context\":\"https:\/\/schema.org\",\"@graph\":[{\"@type\":\"WebPage\",\"@id\":\"https:\/\/raudviu.ee\/fi\/nostotyot\/\",\"url\":\"https:\/\/raudviu.ee\/fi\/nostotyot\/\",\"name\":\"Nostoty\u00f6t - Raudviu\",\"isPartOf\":{\"@id\":\"https:\/\/raudviu.ee\/#website\"},\"datePublished\":\"2020-01-03T13:19:12+00:00\",\"dateModified\":\"2020-01-13T08:57:35+00:00\",\"description\":\"Meie tegevusalad on t\u00f6\u00f6stuslike seadmete tootmine ja paigaldamine ning mitteeluhoonete projekteerimine, valmistamine ja p\u00fcstitamine\",\"breadcrumb\":{\"@id\":\"https:\/\/raudviu.ee\/fi\/nostotyot\/#breadcrumb\"},\"inLanguage\":\"fi\",\"potentialAction\":[{\"@type\":\"ReadAction\",\"target\":[\"https:\/\/raudviu.ee\/fi\/nostotyot\/\"]}]},{\"@type\":\"BreadcrumbList\",\"@id\":\"https:\/\/raudviu.ee\/fi\/nostotyot\/#breadcrumb\",\"itemListElement\":[{\"@type\":\"ListItem\",\"position\":1,\"name\":\"Home\",\"item\":\"https:\/\/raudviu.ee\/fi\/\"},{\"@type\":\"ListItem\",\"position\":2,\"name\":\"Nostoty\u00f6t\"}]},{\"@type\":\"WebSite\",\"@id\":\"https:\/\/raudviu.ee\/#website\",\"url\":\"https:\/\/raudviu.ee\/\",\"name\":\"Raudviu\",\"description\":\"\",\"publisher\":{\"@id\":\"https:\/\/raudviu.ee\/#organization\"},\"potentialAction\":[{\"@type\":\"SearchAction\",\"target\":{\"@type\":\"EntryPoint\",\"urlTemplate\":\"https:\/\/raudviu.ee\/?s={search_term_string}\"},\"query-input\":{\"@type\":\"PropertyValueSpecification\",\"valueRequired\":true,\"valueName\":\"search_term_string\"}}],\"inLanguage\":\"fi\"},{\"@type\":\"Organization\",\"@id\":\"https:\/\/raudviu.ee\/#organization\",\"name\":\"Raudviu\",\"url\":\"https:\/\/raudviu.ee\/\",\"logo\":{\"@type\":\"ImageObject\",\"inLanguage\":\"fi\",\"@id\":\"https:\/\/raudviu.ee\/#\/schema\/logo\/image\/\",\"url\":\"https:\/\/raudviu.ee\/wp-content\/uploads\/2019\/12\/apple-icon-144x144-1.png\",\"contentUrl\":\"https:\/\/raudviu.ee\/wp-content\/uploads\/2019\/12\/apple-icon-144x144-1.png\",\"width\":144,\"height\":144,\"caption\":\"Raudviu\"},\"image\":{\"@id\":\"https:\/\/raudviu.ee\/#\/schema\/logo\/image\/\"}}]}<\/script>\n<!-- \/ Yoast SEO plugin. -->","yoast_head_json":{"title":"Nostoty\u00f6t - Raudviu","description":"Meie tegevusalad on t\u00f6\u00f6stuslike seadmete tootmine ja paigaldamine ning mitteeluhoonete projekteerimine, valmistamine ja p\u00fcstitamine","robots":{"index":"index","follow":"follow","max-snippet":"max-snippet:-1","max-image-preview":"max-image-preview:large","max-video-preview":"max-video-preview:-1"},"canonical":"https:\/\/raudviu.ee\/fi\/nostotyot\/","og_locale":"fi_FI","og_type":"article","og_title":"Nostoty\u00f6t - Raudviu","og_description":"Meie tegevusalad on t\u00f6\u00f6stuslike seadmete tootmine ja paigaldamine ning mitteeluhoonete projekteerimine, valmistamine ja p\u00fcstitamine","og_url":"https:\/\/raudviu.ee\/fi\/nostotyot\/","og_site_name":"Raudviu","article_modified_time":"2020-01-13T08:57:35+00:00","twitter_card":"summary_large_image","twitter_misc":{"Arvioitu lukuaika":"1 minuutti"},"schema":{"@context":"https:\/\/schema.org","@graph":[{"@type":"WebPage","@id":"https:\/\/raudviu.ee\/fi\/nostotyot\/","url":"https:\/\/raudviu.ee\/fi\/nostotyot\/","name":"Nostoty\u00f6t - Raudviu","isPartOf":{"@id":"https:\/\/raudviu.ee\/#website"},"datePublished":"2020-01-03T13:19:12+00:00","dateModified":"2020-01-13T08:57:35+00:00","description":"Meie tegevusalad on t\u00f6\u00f6stuslike seadmete tootmine ja paigaldamine ning mitteeluhoonete projekteerimine, valmistamine ja p\u00fcstitamine","breadcrumb":{"@id":"https:\/\/raudviu.ee\/fi\/nostotyot\/#breadcrumb"},"inLanguage":"fi","potentialAction":[{"@type":"ReadAction","target":["https:\/\/raudviu.ee\/fi\/nostotyot\/"]}]},{"@type":"BreadcrumbList","@id":"https:\/\/raudviu.ee\/fi\/nostotyot\/#breadcrumb","itemListElement":[{"@type":"ListItem","position":1,"name":"Home","item":"https:\/\/raudviu.ee\/fi\/"},{"@type":"ListItem","position":2,"name":"Nostoty\u00f6t"}]},{"@type":"WebSite","@id":"https:\/\/raudviu.ee\/#website","url":"https:\/\/raudviu.ee\/","name":"Raudviu","description":"","publisher":{"@id":"https:\/\/raudviu.ee\/#organization"},"potentialAction":[{"@type":"SearchAction","target":{"@type":"EntryPoint","urlTemplate":"https:\/\/raudviu.ee\/?s={search_term_string}"},"query-input":{"@type":"PropertyValueSpecification","valueRequired":true,"valueName":"search_term_string"}}],"inLanguage":"fi"},{"@type":"Organization","@id":"https:\/\/raudviu.ee\/#organization","name":"Raudviu","url":"https:\/\/raudviu.ee\/","logo":{"@type":"ImageObject","inLanguage":"fi","@id":"https:\/\/raudviu.ee\/#\/schema\/logo\/image\/","url":"https:\/\/raudviu.ee\/wp-content\/uploads\/2019\/12\/apple-icon-144x144-1.png","contentUrl":"https:\/\/raudviu.ee\/wp-content\/uploads\/2019\/12\/apple-icon-144x144-1.png","width":144,"height":144,"caption":"Raudviu"},"image":{"@id":"https:\/\/raudviu.ee\/#\/schema\/logo\/image\/"}}]}},"_links":{"self":[{"href":"https:\/\/raudviu.ee\/fi\/wp-json\/wp\/v2\/pages\/1943","targetHints":{"allow":["GET"]}}],"collection":[{"href":"https:\/\/raudviu.ee\/fi\/wp-json\/wp\/v2\/pages"}],"about":[{"href":"https:\/\/raudviu.ee\/fi\/wp-json\/wp\/v2\/types\/page"}],"author":[{"embeddable":true,"href":"https:\/\/raudviu.ee\/fi\/wp-json\/wp\/v2\/users\/3"}],"replies":[{"embeddable":true,"href":"https:\/\/raudviu.ee\/fi\/wp-json\/wp\/v2\/comments?post=1943"}],"version-history":[{"count":1,"href":"https:\/\/raudviu.ee\/fi\/wp-json\/wp\/v2\/pages\/1943\/revisions"}],"predecessor-version":[{"id":1944,"href":"https:\/\/raudviu.ee\/fi\/wp-json\/wp\/v2\/pages\/1943\/revisions\/1944"}],"wp:attachment":[{"href":"https:\/\/raudviu.ee\/fi\/wp-json\/wp\/v2\/media?parent=1943"}],"curies":[{"name":"wp","href":"https:\/\/api.w.org\/{rel}","templated":true}]}}