{"id":1948,"date":"2020-01-03T13:30:30","date_gmt":"2020-01-03T13:30:30","guid":{"rendered":"http:\/\/projects.indiead.ee\/raudviu\/yhteystiedot\/"},"modified":"2024-09-19T07:16:41","modified_gmt":"2024-09-19T07:16:41","slug":"yhteystiedot","status":"publish","type":"page","link":"https:\/\/raudviu.ee\/fi\/yhteystiedot\/","title":{"rendered":"Yhteystiedot"},"content":{"rendered":"<div class=\"wpb-content-wrapper\"><p>[vc_row el_class=&#8221;pb60 pb30-sm&#8221; css=&#8221;.vc_custom_1571734466005{padding-top: 30px !important;}&#8221;][vc_column width=&#8221;1\/3&#8243; el_class=&#8221;pb25-sm contact_us&#8221;][pikoworks_icon_block icon_type=&#8221;streamline&#8221; style=&#8221;1&#8243; icon_bg=&#8221;icon-border&#8221; block_title=&#8221;Raudviu O\u00dc&#8221; block_desc=&#8221;Yritystunnus: 12787092 info@raudviu.ee&#8221; streamline_icon=&#8221;sl-large-briefcase&#8221; el_class=&#8221;mb20 person&#8221;][\/vc_column][vc_column width=&#8221;1\/3&#8243;][pikoworks_icon_block icon_type=&#8221;streamline&#8221; style=&#8221;1&#8243; icon_bg=&#8221;icon-border&#8221; block_title=&#8221;Tuuliku 4F&#8221; block_desc=&#8221;Tallinn, Estonia, 10621&#8243; streamline_icon=&#8221;sl-large-house-2&#8243; el_class=&#8221;mb20&#8243;][\/vc_column][vc_column width=&#8221;1\/3&#8243;][pikoworks_icon_block icon_type=&#8221;streamline&#8221; style=&#8221;1&#8243; icon_bg=&#8221;icon-border&#8221; block_title=&#8221;Erki Stutsilov&#8221; block_desc=&#8221;Toimitusjohtaja<br \/>\n+37253888849<br \/>\nerki@raudviu.ee&#8221; streamline_icon=&#8221;sl-large-person&#8221; el_class=&#8221;mb20 person&#8221;][\/vc_column][\/vc_row][vc_row full_width=&#8221;stretch_row_content_no_spaces&#8221;][vc_column][pikoworks_google_map latitude=&#8221;59.420117&#8243; longitude=&#8221;24.678957&#8243; image=&#8221;1857&#8243;][\/vc_column][\/vc_row]<\/p>\n<\/div>","protected":false},"excerpt":{"rendered":"<p>[vc_row el_class=&#8221;pb60 pb30-sm&#8221; css=&#8221;.vc_custom_1571734466005{padding-top: 30px !important;}&#8221;][vc_column width=&#8221;1\/3&#8243; el_class=&#8221;pb25-sm contact_us&#8221;][pikoworks_icon_block icon_type=&#8221;streamline&#8221; style=&#8221;1&#8243; icon_bg=&#8221;icon-border&#8221; block_title=&#8221;Raudviu O\u00dc&#8221; block_desc=&#8221;Yritystunnus: 12787092 info@raudviu.ee&#8221; streamline_icon=&#8221;sl-large-briefcase&#8221; el_class=&#8221;mb20 person&#8221;][\/vc_column][vc_column width=&#8221;1\/3&#8243;][pikoworks_icon_block icon_type=&#8221;streamline&#8221; style=&#8221;1&#8243; icon_bg=&#8221;icon-border&#8221; block_title=&#8221;Tuuliku 4F&#8221; block_desc=&#8221;Tallinn, Estonia, 10621&#8243; streamline_icon=&#8221;sl-large-house-2&#8243; el_class=&#8221;mb20&#8243;][\/vc_column][vc_column width=&#8221;1\/3&#8243;][pikoworks_icon_block icon_type=&#8221;streamline&#8221; style=&#8221;1&#8243; icon_bg=&#8221;icon-border&#8221; block_title=&#8221;Erki Stutsilov&#8221; block_desc=&#8221;Toimitusjohtaja +37253888849 erki@raudviu.ee&#8221; streamline_icon=&#8221;sl-large-person&#8221; el_class=&#8221;mb20 person&#8221;][\/vc_column][\/vc_row][vc_row full_width=&#8221;stretch_row_content_no_spaces&#8221;][vc_column][pikoworks_google_map latitude=&#8221;59.420117&#8243; longitude=&#8221;24.678957&#8243; image=&#8221;1857&#8243;][\/vc_column][\/vc_row]<\/p>\n","protected":false},"author":3,"featured_media":0,"parent":0,"menu_order":0,"comment_status":"closed","ping_status":"closed","template":"","meta":{"footnotes":""},"class_list":["post-1948","page","type-page","status-publish","hentry"],"yoast_head":"<!-- This site is optimized with the Yoast SEO plugin v26.5 - https:\/\/yoast.com\/wordpress\/plugins\/seo\/ -->\n<title>Yhteystiedot - Raudviu<\/title>\n<meta name=\"description\" content=\"Meie tegevusalad on t\u00f6\u00f6stuslike seadmete tootmine ja paigaldamine ning mitteeluhoonete projekteerimine, valmistamine ja p\u00fcstitamine\" \/>\n<meta name=\"robots\" content=\"index, follow, max-snippet:-1, max-image-preview:large, max-video-preview:-1\" \/>\n<link rel=\"canonical\" href=\"https:\/\/raudviu.ee\/fi\/yhteystiedot\/\" \/>\n<meta property=\"og:locale\" content=\"fi_FI\" \/>\n<meta property=\"og:type\" content=\"article\" \/>\n<meta property=\"og:title\" content=\"Yhteystiedot - Raudviu\" \/>\n<meta property=\"og:description\" content=\"Meie tegevusalad on t\u00f6\u00f6stuslike seadmete tootmine ja paigaldamine ning mitteeluhoonete projekteerimine, valmistamine ja p\u00fcstitamine\" \/>\n<meta property=\"og:url\" content=\"https:\/\/raudviu.ee\/fi\/yhteystiedot\/\" \/>\n<meta property=\"og:site_name\" content=\"Raudviu\" \/>\n<meta property=\"article:modified_time\" content=\"2024-09-19T07:16:41+00:00\" \/>\n<meta name=\"twitter:card\" content=\"summary_large_image\" \/>\n<meta name=\"twitter:label1\" content=\"Arvioitu lukuaika\" \/>\n\t<meta name=\"twitter:data1\" content=\"1 minuutti\" \/>\n<script type=\"application\/ld+json\" class=\"yoast-schema-graph\">{\"@context\":\"https:\/\/schema.org\",\"@graph\":[{\"@type\":\"WebPage\",\"@id\":\"https:\/\/raudviu.ee\/fi\/yhteystiedot\/\",\"url\":\"https:\/\/raudviu.ee\/fi\/yhteystiedot\/\",\"name\":\"Yhteystiedot - Raudviu\",\"isPartOf\":{\"@id\":\"https:\/\/www.raudviu.ee\/#website\"},\"datePublished\":\"2020-01-03T13:30:30+00:00\",\"dateModified\":\"2024-09-19T07:16:41+00:00\",\"description\":\"Meie tegevusalad on t\u00f6\u00f6stuslike seadmete tootmine ja paigaldamine ning mitteeluhoonete projekteerimine, valmistamine ja p\u00fcstitamine\",\"breadcrumb\":{\"@id\":\"https:\/\/raudviu.ee\/fi\/yhteystiedot\/#breadcrumb\"},\"inLanguage\":\"fi\",\"potentialAction\":[{\"@type\":\"ReadAction\",\"target\":[\"https:\/\/raudviu.ee\/fi\/yhteystiedot\/\"]}]},{\"@type\":\"BreadcrumbList\",\"@id\":\"https:\/\/raudviu.ee\/fi\/yhteystiedot\/#breadcrumb\",\"itemListElement\":[{\"@type\":\"ListItem\",\"position\":1,\"name\":\"Home\",\"item\":\"https:\/\/www.raudviu.ee\/fi\/\"},{\"@type\":\"ListItem\",\"position\":2,\"name\":\"Yhteystiedot\"}]},{\"@type\":\"WebSite\",\"@id\":\"https:\/\/www.raudviu.ee\/#website\",\"url\":\"https:\/\/www.raudviu.ee\/\",\"name\":\"Raudviu\",\"description\":\"\",\"publisher\":{\"@id\":\"https:\/\/www.raudviu.ee\/#organization\"},\"potentialAction\":[{\"@type\":\"SearchAction\",\"target\":{\"@type\":\"EntryPoint\",\"urlTemplate\":\"https:\/\/www.raudviu.ee\/?s={search_term_string}\"},\"query-input\":{\"@type\":\"PropertyValueSpecification\",\"valueRequired\":true,\"valueName\":\"search_term_string\"}}],\"inLanguage\":\"fi\"},{\"@type\":\"Organization\",\"@id\":\"https:\/\/www.raudviu.ee\/#organization\",\"name\":\"Raudviu\",\"url\":\"https:\/\/www.raudviu.ee\/\",\"logo\":{\"@type\":\"ImageObject\",\"inLanguage\":\"fi\",\"@id\":\"https:\/\/www.raudviu.ee\/#\/schema\/logo\/image\/\",\"url\":\"https:\/\/raudviu.ee\/wp-content\/uploads\/2019\/12\/apple-icon-144x144-1.png\",\"contentUrl\":\"https:\/\/raudviu.ee\/wp-content\/uploads\/2019\/12\/apple-icon-144x144-1.png\",\"width\":144,\"height\":144,\"caption\":\"Raudviu\"},\"image\":{\"@id\":\"https:\/\/www.raudviu.ee\/#\/schema\/logo\/image\/\"}}]}<\/script>\n<!-- \/ Yoast SEO plugin. -->","yoast_head_json":{"title":"Yhteystiedot - Raudviu","description":"Meie tegevusalad on t\u00f6\u00f6stuslike seadmete tootmine ja paigaldamine ning mitteeluhoonete projekteerimine, valmistamine ja p\u00fcstitamine","robots":{"index":"index","follow":"follow","max-snippet":"max-snippet:-1","max-image-preview":"max-image-preview:large","max-video-preview":"max-video-preview:-1"},"canonical":"https:\/\/raudviu.ee\/fi\/yhteystiedot\/","og_locale":"fi_FI","og_type":"article","og_title":"Yhteystiedot - Raudviu","og_description":"Meie tegevusalad on t\u00f6\u00f6stuslike seadmete tootmine ja paigaldamine ning mitteeluhoonete projekteerimine, valmistamine ja p\u00fcstitamine","og_url":"https:\/\/raudviu.ee\/fi\/yhteystiedot\/","og_site_name":"Raudviu","article_modified_time":"2024-09-19T07:16:41+00:00","twitter_card":"summary_large_image","twitter_misc":{"Arvioitu lukuaika":"1 minuutti"},"schema":{"@context":"https:\/\/schema.org","@graph":[{"@type":"WebPage","@id":"https:\/\/raudviu.ee\/fi\/yhteystiedot\/","url":"https:\/\/raudviu.ee\/fi\/yhteystiedot\/","name":"Yhteystiedot - Raudviu","isPartOf":{"@id":"https:\/\/www.raudviu.ee\/#website"},"datePublished":"2020-01-03T13:30:30+00:00","dateModified":"2024-09-19T07:16:41+00:00","description":"Meie tegevusalad on t\u00f6\u00f6stuslike seadmete tootmine ja paigaldamine ning mitteeluhoonete projekteerimine, valmistamine ja p\u00fcstitamine","breadcrumb":{"@id":"https:\/\/raudviu.ee\/fi\/yhteystiedot\/#breadcrumb"},"inLanguage":"fi","potentialAction":[{"@type":"ReadAction","target":["https:\/\/raudviu.ee\/fi\/yhteystiedot\/"]}]},{"@type":"BreadcrumbList","@id":"https:\/\/raudviu.ee\/fi\/yhteystiedot\/#breadcrumb","itemListElement":[{"@type":"ListItem","position":1,"name":"Home","item":"https:\/\/www.raudviu.ee\/fi\/"},{"@type":"ListItem","position":2,"name":"Yhteystiedot"}]},{"@type":"WebSite","@id":"https:\/\/www.raudviu.ee\/#website","url":"https:\/\/www.raudviu.ee\/","name":"Raudviu","description":"","publisher":{"@id":"https:\/\/www.raudviu.ee\/#organization"},"potentialAction":[{"@type":"SearchAction","target":{"@type":"EntryPoint","urlTemplate":"https:\/\/www.raudviu.ee\/?s={search_term_string}"},"query-input":{"@type":"PropertyValueSpecification","valueRequired":true,"valueName":"search_term_string"}}],"inLanguage":"fi"},{"@type":"Organization","@id":"https:\/\/www.raudviu.ee\/#organization","name":"Raudviu","url":"https:\/\/www.raudviu.ee\/","logo":{"@type":"ImageObject","inLanguage":"fi","@id":"https:\/\/www.raudviu.ee\/#\/schema\/logo\/image\/","url":"https:\/\/raudviu.ee\/wp-content\/uploads\/2019\/12\/apple-icon-144x144-1.png","contentUrl":"https:\/\/raudviu.ee\/wp-content\/uploads\/2019\/12\/apple-icon-144x144-1.png","width":144,"height":144,"caption":"Raudviu"},"image":{"@id":"https:\/\/www.raudviu.ee\/#\/schema\/logo\/image\/"}}]}},"_links":{"self":[{"href":"https:\/\/raudviu.ee\/fi\/wp-json\/wp\/v2\/pages\/1948","targetHints":{"allow":["GET"]}}],"collection":[{"href":"https:\/\/raudviu.ee\/fi\/wp-json\/wp\/v2\/pages"}],"about":[{"href":"https:\/\/raudviu.ee\/fi\/wp-json\/wp\/v2\/types\/page"}],"author":[{"embeddable":true,"href":"https:\/\/raudviu.ee\/fi\/wp-json\/wp\/v2\/users\/3"}],"replies":[{"embeddable":true,"href":"https:\/\/raudviu.ee\/fi\/wp-json\/wp\/v2\/comments?post=1948"}],"version-history":[{"count":5,"href":"https:\/\/raudviu.ee\/fi\/wp-json\/wp\/v2\/pages\/1948\/revisions"}],"predecessor-version":[{"id":2483,"href":"https:\/\/raudviu.ee\/fi\/wp-json\/wp\/v2\/pages\/1948\/revisions\/2483"}],"wp:attachment":[{"href":"https:\/\/raudviu.ee\/fi\/wp-json\/wp\/v2\/media?parent=1948"}],"curies":[{"name":"wp","href":"https:\/\/api.w.org\/{rel}","templated":true}]}}